{"id":14,"date":"2015-08-30T07:36:31","date_gmt":"2015-08-30T07:36:31","guid":{"rendered":"http:\/\/githa.koyil.org\/?page_id=14"},"modified":"2015-08-30T07:36:31","modified_gmt":"2015-08-30T07:36:31","slug":"alkondavilli-govindhacharya","status":"publish","type":"page","link":"https:\/\/githa.koyil.org\/index.php\/alkondavilli-govindhacharya\/","title":{"rendered":"ALkoNdavilli gOvindhAchArya"},"content":{"rendered":"<p>srI:<br \/>\nsrImathE satakOpAya nama:<br \/>\nsrImathE rAmAnujAya nama:<br \/>\nsrImath varavaramunayE nama:<\/p>\n<p><a href=\"https:\/\/githa.koyil.org\/wp-content\/uploads\/2015\/08\/Sri-Alkondavilli-Govindacharya-Swamy-_web.jpg\"><img loading=\"lazy\" decoding=\"async\" class=\" wp-image-27 aligncenter\" src=\"https:\/\/githa.koyil.org\/wp-content\/uploads\/2015\/08\/Sri-Alkondavilli-Govindacharya-Swamy-_web-200x300.jpg\" alt=\"Sri Alkondavilli Govindacharya Swamy _web\" width=\"375\" height=\"562\" srcset=\"https:\/\/githa.koyil.org\/wp-content\/uploads\/2015\/08\/Sri-Alkondavilli-Govindacharya-Swamy-_web-200x300.jpg 200w, https:\/\/githa.koyil.org\/wp-content\/uploads\/2015\/08\/Sri-Alkondavilli-Govindacharya-Swamy-_web-683x1024.jpg 683w, https:\/\/githa.koyil.org\/wp-content\/uploads\/2015\/08\/Sri-Alkondavilli-Govindacharya-Swamy-_web-768x1151.jpg 768w, https:\/\/githa.koyil.org\/wp-content\/uploads\/2015\/08\/Sri-Alkondavilli-Govindacharya-Swamy-_web-1025x1536.jpg 1025w, https:\/\/githa.koyil.org\/wp-content\/uploads\/2015\/08\/Sri-Alkondavilli-Govindacharya-Swamy-_web-1367x2048.jpg 1367w, https:\/\/githa.koyil.org\/wp-content\/uploads\/2015\/08\/Sri-Alkondavilli-Govindacharya-Swamy-_web.jpg 1657w\" sizes=\"auto, (max-width: 375px) 100vw, 375px\" \/><\/a><\/p>\n<p>A Short Biography of Sri Alkondavilli Govindacharya (by Vanamamalai Dr. T.D. Muralidharan):<\/p>\n<p>Sri Alkondavilli Govindacharya Swamy was the second son of Sri Srinivasa Iyengar who hailed from Tirupraithurai in Tiruchirapalli district in Tamil Nadu State, India. A. Govindacharya&#8217;s father, Sri Srinivasa Iyengar was a tutor in English to <a href=\"https:\/\/en.wikipedia.org\/wiki\/Krishna_Raja_Wadiyar_IV\">Sri. Nalmadi Krishna Raja Wodeyar<\/a>, Maharaja of Mysore and was known as &#8220;Angrezi Srinivasa Iyengar&#8221;. Sri Govindacharya Swamy traces his ancestry to Sri Ramanuja&#8217;s disciple Vaduga Nambi or Andhra Purna at Saligrama. He stood first in Engineering in the year 1878 for which he was awarded the medal from the School of Engineering and Natural Science, Bengaluru. He was an Executive Engineer in the PWD, Government of Mysore. The Nanjangad Kapila Bridge was built under his supervision. The house which he built in the then Viceroy Road in Mysore was called &#8220;VEDAGRIHAM&#8221;, his wife&#8217;s name being Vedanayakamma.<\/p>\n<p>Sri Govindacharya Swamy put into practice the teachings of Sri Ramanujacharya in initiating &#8220;Harijans&#8221; [so-called outcasts\/untouchables] into the Srivaishnava fold by &#8220;anointing&#8221; them in the traditional way and taking them inside the temples along with him (Yalandur temple in T.Narsipur Taluk).<\/p>\n<p>Sri Govindacharya Swamy authored a number of books in English so people from other countries can understand our tradition. Dr. Annie Besant of the Theosophical Society was in constant touch with Sri Govindacharya Swamy but he fell out with her on ideological grounds. Sri Govindacharya Swamy and Prof. Max Mueller, the famous Indologist of Germany were in mutual contact through exchange of letters. One Parsi friend, Mr. Saklatwala of Mumbai and Sri Govindacharya Swamy had discussions on Zorastrianism and Srivaishnavam. When I visited VEDAGRIHAM on 15 November 1997, Swamy&#8217;s great-grandson Dr. Muthu narrated to me an event purported to have taken place during the life time of Sri Govindacharya Swamy. When Swamy&#8217;s manuscript of &#8220;The Life of Ramanuja&#8221; was kept near his &#8220;Thiruvaradhana Perumal&#8221; (Koil Azhvar), a cobra was seen on the manuscript raising his hood, thereby acknowledging the work, which was taken as a blessing of Sri Ramanujacharya, as Sri Ramanujacharya is himself an incarnation of &#8220;Adisesha&#8221;. His successor was his grandson (his only daughter&#8217;s eldest son) Dr. Yamunacharya (father of Dr. Muthu) who was a Professor of Sanskrit in the University of Mysore. Dr. Yamunacharya authored a book &#8220;Ramanuja&#8217;s teachings in his own words&#8221; published by Bharatiya Vidya Bhavan, Mumbai.<\/p>\n<p>Vanamamalai Dr. T.D. Muralidharan<\/p>\n<p>Additional Notes from Sri M. Narayana Prasad Swamy (son of Dr. Muthu Swamy): Sri Govindacharya Swamy established\u00a0the Nanjiyar Sannidhi in Thirunarayanapuram (Melkote).<\/p>\n<hr \/>\n<p>&nbsp;<\/p>\n<p>Works blessed by Sri Govindacharya Swamy include:<\/p>\n<ul>\n<li><a href=\"https:\/\/ramanujacharya.files.wordpress.com\/2015\/01\/bg1898.pdf\" target=\"_blank\" rel=\"noopener\">Shri Bhagavad Gita &#8211; with Sri Ramanujacharya&#8217;s Gita Bhashya<\/a>\u00a0(1898)<\/li>\n<li><a href=\"https:\/\/ramanujacharya.files.wordpress.com\/2016\/01\/the_holy_lives_of_the_azhwars.pdf\" target=\"_blank\" rel=\"noopener\">The Holy Lives of the Azhv\u0101rs<\/a>\u00a0(1902)<\/li>\n<li><a href=\"https:\/\/ramanujacharya.files.wordpress.com\/2016\/01\/the_divine_wisdom_of_the_dravida_saints.pdf\" target=\"_blank\" rel=\"noopener\">The Divine Wisdom of the Dravida Saints<\/a>\u00a0(1902)<\/li>\n<li><a href=\"https:\/\/ramanujacharya.files.wordpress.com\/2016\/01\/the_life_of_ramanujacharya.pdf\" target=\"_blank\" rel=\"noopener\">The Life of R\u0101m\u0101nuj\u0101ch\u0101rya<\/a>\u00a0(1906)<\/li>\n<li><a href=\"https:\/\/ramanujacharya.files.wordpress.com\/2016\/01\/yathindra_matha_deepika.pdf\" target=\"_blank\" rel=\"noopener\">Yatindra-mata-dipik\u0101; or The light of the school of Sr\u012b R\u0101m\u0101mnuja<\/a>\u00a0(1912)<\/li>\n<li><a href=\"https:\/\/ramanujacharya.files.wordpress.com\/2016\/01\/inspiration_intuition_ecstasy.pdf\" target=\"_blank\" rel=\"noopener\">Inspiration, Intuition, Ecstasy. A Philosophical Study<\/a>\u00a0(1898)<\/li>\n<\/ul>\n<p>In addition to the above books (and many that currently don\u2019t seem to be available), Sri Govindacharya Swamy also contributed the following articles in early 1900s to the Journal of Royal Asiatic Society of Great Britain and Ireland published by Cambridge University Press:<\/p>\n<ul>\n<li><a href=\"https:\/\/ramanujacharya.files.wordpress.com\/2015\/01\/artha_pancaka.pdf\" target=\"_blank\" rel=\"noopener\">The Artha-Pancaka of Sri Pillai Lokacarya<\/a>\u00a0(July 1910). Certain corrections by Sri Govindacharya Swamy to Dr. Grierson\u2019s introduction to this article were published in the article <a href=\"https:\/\/ramanujacharya.files.wordpress.com\/2015\/01\/tengalai_vadagalai.pdf\" target=\"_blank\" rel=\"noopener\">Tengalai and Vadagalai<\/a>\u00a0(July, 1912)<\/li>\n<li><a href=\"https:\/\/ramanujacharya.files.wordpress.com\/2015\/01\/astadasa_bhedas.pdf\" target=\"_blank\" rel=\"noopener\">The Astadasa-Bhedas, or the Eighteen Points of Doctrinal Differences between the Tengalais (Southerners) and the Vadagalais (Northerners) of the Visistadvaita Vaisnava School, South India<\/a>\u00a0(October, 1910)<\/li>\n<li><a href=\"https:\/\/ramanujacharya.files.wordpress.com\/2015\/01\/pancaratras.pdf\" target=\"_blank\" rel=\"noopener\">The Pancaratras or Bhagavat-Sastra<\/a>\u00a0(October, 1911)<\/li>\n<li><a href=\"https:\/\/ramanujacharya.files.wordpress.com\/2015\/01\/bhagavan_translation.pdf\" target=\"_blank\" rel=\"noopener\">The Translation of the Term \u201cBhagavan\u201d<\/a>\u00a0(July 1910)<\/li>\n<li><a href=\"https:\/\/ramanujacharya.files.wordpress.com\/2015\/01\/bhagavan_note.pdf\" target=\"_blank\" rel=\"noopener\">Another Note on the Word Bhagavan<\/a>\u00a0(April, 1912)<\/li>\n<li><a href=\"https:\/\/ramanujacharya.files.wordpress.com\/2015\/01\/birthplace_of_bhakti.pdf\" target=\"_blank\" rel=\"noopener\">The Birthplace of Bhakti<\/a> (April, 1912)<\/li>\n<li><a href=\"https:\/\/ramanujacharya.files.wordpress.com\/2015\/01\/narayana_parivrat.pdf\" target=\"_blank\" rel=\"noopener\">A Note on Narayana-Parivrat<\/a> (October, 1910)<\/li>\n<\/ul>\n<p>The following was published in Indian Antiquary (November 1910; vol-39-1910)<\/p>\n<ul>\n<li><a href=\"https:\/\/ramanujacharya.files.wordpress.com\/2015\/01\/prapannaparitranam-indian-antiquary-vol-39-1910.pdf\" target=\"_blank\" rel=\"noopener\">The Prapanna-Paritrana OR The Refuge of the Refugee, of Sri Pillai Lokacharya<\/a><\/li>\n<\/ul>\n<p>In addition Sri Govindacharya Swamy contributed many articles to the Theosophist.<\/p>\n<ul>\n<li><a href=\"https:\/\/ramanujacharya.files.wordpress.com\/2018\/08\/rebirth_theosophist_v3_n11_august_1882.pdf\"><span style=\"color: #0000ff;\"><span style=\"color: #3366ff;\">Re-birth<\/span><\/span><\/a> (August, 1882)<\/li>\n<li><a href=\"https:\/\/ramanujacharya.files.wordpress.com\/2018\/08\/psychology_of_lamp_theosophist_v4_n2_november_1882.pdf\"><span style=\"color: #3366ff;\">Psychology of the Lamp<\/span><\/a> (November, 1882)<\/li>\n<li><a href=\"https:\/\/ramanujacharya.files.wordpress.com\/2018\/08\/karma_theosophist_v4_n4_january_1883.pdf\"><span style=\"color: #3366ff;\">Karma<\/span><\/a> (January, 1883)<\/li>\n<li><a href=\"https:\/\/ramanujacharya.files.wordpress.com\/2018\/08\/tumkur_lecture_theosophist_v4_n5_february_1883.pdf\"><span style=\"color: #3366ff;\">Editor&#8217;s note on Lecture at Tumkur<\/span><\/a> (February, 1883)<\/li>\n<li><a href=\"https:\/\/ramanujacharya.files.wordpress.com\/2018\/08\/catechism_of_vishishtavaita_theosophist_v4_n8_may_1883.pdf\"><span style=\"color: #3366ff;\">Catechism of the Visishthadwaita Philosophy<\/span><\/a> (May, 1883)<\/li>\n<li><a href=\"https:\/\/ramanujacharya.files.wordpress.com\/2018\/08\/explanation_of_laya_theosophist_v4_n8_may_1883.pdf\"><span style=\"color: #3366ff;\">Explanation of &#8220;Laya&#8221;<\/span><\/a> (May, 1883)<\/li>\n<li><a href=\"https:\/\/ramanujacharya.files.wordpress.com\/2018\/08\/visishtadwaita_philosophy_theosophist_v4_n9_june_1883.pdf\"><span style=\"color: #3366ff;\">Visishtadwaita Philosophy<\/span><\/a> (June, 1883)<\/li>\n<li><a href=\"https:\/\/ramanujacharya.files.wordpress.com\/2018\/08\/bg_review_theosophist_v17_n9_jun_1896.pdf\"><span style=\"color: #3366ff;\">Review &#8211; <em>Bhagavad Gita<\/em> with Sri Ramanuja&#8217;s Commentary<\/span><\/a> (June, 1896)<\/li>\n<li><a href=\"https:\/\/ramanujacharya.files.wordpress.com\/2018\/08\/bg_and_avyaktam_theosophist_v17_n11_aug_1896.pdf\"><span style=\"color: #3366ff;\">Bhagavad Gita &#038; Avyaktam<\/span><\/a> (August, 1896)<\/li>\n<li><a href=\"https:\/\/ramanujacharya.files.wordpress.com\/2018\/08\/predestination_and_freewill_1_theosophist_v17_n12_sep_1896.pdf\"><span style=\"color: #3366ff;\">Predestination &#038; Free-will (1) &#8211; What do Hindu Books Say?<\/span><\/a> (September, 1896)<\/li>\n<li><a href=\"https:\/\/ramanujacharya.files.wordpress.com\/2018\/08\/predestination_and_freewill_2_theosophist_v18_n2_nov_1896.pdf\"><span style=\"color: #3366ff;\">Predestination &#038; Free-will (2) &#8211; What do Hindu Books say?<\/span><\/a> (November, 1896)<\/li>\n<li><a href=\"https:\/\/ramanujacharya.files.wordpress.com\/2018\/08\/predestination_and_freewill_3_theosophist_v18_n4_jan_1897.pdf\"><span style=\"color: #3366ff;\">Predestination &#038; Free-will (3) &#8211; What do Hindu Books say?<\/span><\/a> (January, 1897)<\/li>\n<li><a href=\"https:\/\/ramanujacharya.files.wordpress.com\/2018\/08\/predestination_and_freewill_4_theosophist_v18_n5_feb_1897.pdf\"><span style=\"color: #3366ff;\">Predestination &#038; Free-will (4) &#8211; What do Hindu Books say?<\/span><\/a> (February, 1897)<\/li>\n<li><a href=\"https:\/\/ramanujacharya.files.wordpress.com\/2018\/08\/predestination_and_freewill_5_theosophist_v18_n7_apr_1897.pdf\"><span style=\"color: #3366ff;\">Predestination &#038; Free-will (5) &#8211; What do Hindu Books Say?<\/span><\/a> (April, 1897)<\/li>\n<li><a href=\"https:\/\/ramanujacharya.files.wordpress.com\/2018\/08\/predestination_and_freewill_6_theosophist_v18_n8_may_1897.pdf\"><span style=\"color: #3366ff;\">Predestination &#038; Free-will (6) &#8211; What do Hindu Books Say?<\/span><\/a> (May, 1897)<\/li>\n<li><a href=\"https:\/\/ramanujacharya.files.wordpress.com\/2018\/08\/resposibility_theosophist_v20_n02_november_1898.pdf\"><span style=\"color: #3366ff;\">Responsibility, Man&#8217;s or God&#8217;s<\/span><\/a> (November, 1898)<\/li>\n<li><a href=\"https:\/\/ramanujacharya.files.wordpress.com\/2018\/08\/supersensuous_consciousness_1_theosophist_v20_n07_april_1899.pdf\"><span style=\"color: #3366ff;\">Supersensuous Consciousness (1)<\/span><\/a> (April, 1899)<\/li>\n<li><a href=\"https:\/\/ramanujacharya.files.wordpress.com\/2018\/08\/supersensuous_consciousness_2_theosophist_v20_n08_may_1899.pdf\"><span style=\"color: #3366ff;\">Evidences of Supersensuous Consciousness (2)<\/span><\/a> (May, 1899)<\/li>\n<li><a href=\"https:\/\/ramanujacharya.files.wordpress.com\/2018\/08\/supersensuous_consciousness_3_theosophist_v20_n09_june_1899.pdf\"><span style=\"color: #3366ff;\">Evidences of Supersensuous Consciousness (3)<\/span><\/a> (June, 1899)<\/li>\n<li><a href=\"https:\/\/ramanujacharya.files.wordpress.com\/2018\/08\/sri_ramanuja_ultimate_religious_idea_theosophist_v24_n1_oct_1902.pdf\"><span style=\"color: #3366ff;\">Sri Ramanuja&#8217;s Ultimate Religious Idea<\/span><\/a> (October, 1902)<\/li>\n<li><a href=\"https:\/\/ramanujacharya.files.wordpress.com\/2018\/08\/theory_of_avataras_theosophist_v24_n6_mar_1903.pdf\"><span style=\"color: #3366ff;\">Theory of Avataras<\/span><\/a> (March, 1903)<\/li>\n<li><a href=\"https:\/\/ramanujacharya.files.wordpress.com\/2018\/08\/avataras_1_theosophist_v24_n10_jul_1903.pdf\"><span style=\"color: #3366ff;\">Avataras (1)<\/span><\/a> (July, 1903)<\/li>\n<li><a href=\"https:\/\/ramanujacharya.files.wordpress.com\/2018\/08\/avataras_2_theosophist_v25_n5_feb_1904.pdf\"><span style=\"color: #3366ff;\">Avataras (2)<\/span><\/a> (February, 1904)<\/li>\n<li><a href=\"https:\/\/ramanujacharya.files.wordpress.com\/2018\/08\/samskrt_living_or_dead_theosophist_v31_n11_aug_1910.pdf\"><span style=\"color: #3366ff;\">Samskrt &#8211; Living or Dead<\/span><\/a> (August, 1910)<\/li>\n<li><a href=\"https:\/\/ramanujacharya.files.wordpress.com\/2018\/08\/holy_ghost_or_paraclete_1_theosophist_v36_n1-n12_oct_1914-sep_1915.pdf\"><span style=\"color: #3366ff;\">The Holy Ghost or the Paraclete (1)<\/span><\/a> (August, 1915)<\/li>\n<li><a href=\"https:\/\/ramanujacharya.files.wordpress.com\/2018\/08\/holy_ghost_or_paraclete_2_theosophist_v36_n1-n12_oct_1914-sep_1915.pdf\"><span style=\"color: #3366ff;\">The Holy Ghost or the Paraclete (2)<\/span><\/a> (September, 1915)<\/li>\n<\/ul>\n<p>Also the below articles were published in <em>The Light of Truth (Siddhanta Deepika) and Agamic Review<\/em>:<\/p>\n<ul>\n<li><a href=\"http:\/\/siddhantadeepika.blogspot.com\/2013\/08\/man-praying-animal.html\"><span style=\"color: #3366ff;\">Man &#8211; The Praying Animal<\/span><\/a><\/li>\n<li><span style=\"color: #3366ff;\"><a href=\"http:\/\/siddhantadeepika.blogspot.com\/2013\/05\/the-brahman-conception-of-god.html\"><span style=\"color: #3366ff;\">The Brahman Conception of God<\/span><\/a><\/span><\/li>\n<li><a href=\"http:\/\/siddhantadeepika.blogspot.com\/2013\/04\/the-philosophy-of-karma.html\"><span style=\"color: #3366ff;\">The Philosophy of Karma<\/span><\/a><\/li>\n<li><a href=\"http:\/\/siddhantadeepika.blogspot.com\/2012\/11\/appendix-to-problem-of-evil.html\"><span style=\"color: #3366ff;\">Appendix to the Problem of Evil<\/span><\/a><\/li>\n<li><a href=\"http:\/\/siddhantadeepika.blogspot.com\/2012\/11\/is-religion-mere-sentiment-this-means.html\"><span style=\"color: #3366ff;\">Is Religion a mere Sentiment?<\/span><\/a><\/li>\n<\/ul>\n<p style=\"text-align: center;\"><a href=\"https:\/\/githa.koyil.org\/wp-content\/uploads\/2015\/08\/Govindacharya2_2.jpg\"><img loading=\"lazy\" decoding=\"async\" class=\"wp-image-86 aligncenter\" src=\"https:\/\/githa.koyil.org\/wp-content\/uploads\/2015\/08\/Govindacharya2_2-193x300.jpg\" alt=\"Govindacharya2_2\" width=\"313\" height=\"486\" srcset=\"https:\/\/githa.koyil.org\/wp-content\/uploads\/2015\/08\/Govindacharya2_2-193x300.jpg 193w, https:\/\/githa.koyil.org\/wp-content\/uploads\/2015\/08\/Govindacharya2_2-660x1024.jpg 660w, https:\/\/githa.koyil.org\/wp-content\/uploads\/2015\/08\/Govindacharya2_2.jpg 718w\" sizes=\"auto, (max-width: 313px) 100vw, 313px\" \/><\/a><\/p>\n<p style=\"text-align: center;\">Sri\u00a0ALkoNdavilli gOvindhAchArya Swamy thiruvadigaLE saraNam<\/p>\n<p>adiyEn srIvEnkatEsa rAmAnuja dhAsan<\/p>\n<p>archived in <a href=\"https:\/\/githa.koyil.org\">https:\/\/githa.koyil.org<\/a><\/p>\n<p>pramEyam (goal) \u2013 <a href=\"http:\/\/koyil.org\/\" target=\"_blank\" rel=\"nofollow noopener\">http:\/\/koyil.org<\/a><br \/>\npramANam (scriptures) \u2013 <a href=\"http:\/\/srivaishnavagranthams.wordpress.com\/\" target=\"_blank\" rel=\"nofollow noopener\">http:\/\/srivaishnavagranthams.wordpress.com<\/a><br \/>\npramAthA (preceptors) \u2013 <a href=\"http:\/\/guruparamparai.wordpress.com\/\" target=\"_blank\" rel=\"nofollow noopener\">http:\/\/guruparamparai.wordpress.com<\/a><br \/>\nsrIvaishNava education\/kids portal \u2013 <a href=\"http:\/\/pillai.koyil.org\/\">http:\/\/pillai.koyil.org<\/a><\/p>\n","protected":false},"excerpt":{"rendered":"<p>srI: srImathE satakOpAya nama: srImathE rAmAnujAya nama: srImath varavaramunayE nama: A Short Biography of Sri Alkondavilli Govindacharya (by Vanamamalai Dr. T.D. Muralidharan): Sri Alkondavilli Govindacharya Swamy was the second son of Sri Srinivasa Iyengar who hailed from Tirupraithurai in Tiruchirapalli district in Tamil Nadu State, India. A. Govindacharya&#8217;s father, Sri Srinivasa Iyengar was a tutor &#8230; <a title=\"ALkoNdavilli gOvindhAchArya\" class=\"read-more\" href=\"https:\/\/githa.koyil.org\/index.php\/alkondavilli-govindhacharya\/\" aria-label=\"Read more about ALkoNdavilli gOvindhAchArya\">Read more<\/a><\/p>\n","protected":false},"author":3,"featured_media":0,"parent":0,"menu_order":0,"comment_status":"closed","ping_status":"closed","template":"","meta":{"footnotes":""},"class_list":["post-14","page","type-page","status-publish"],"_links":{"self":[{"href":"https:\/\/githa.koyil.org\/index.php\/wp-json\/wp\/v2\/pages\/14","targetHints":{"allow":["GET"]}}],"collection":[{"href":"https:\/\/githa.koyil.org\/index.php\/wp-json\/wp\/v2\/pages"}],"about":[{"href":"https:\/\/githa.koyil.org\/index.php\/wp-json\/wp\/v2\/types\/page"}],"author":[{"embeddable":true,"href":"https:\/\/githa.koyil.org\/index.php\/wp-json\/wp\/v2\/users\/3"}],"replies":[{"embeddable":true,"href":"https:\/\/githa.koyil.org\/index.php\/wp-json\/wp\/v2\/comments?post=14"}],"version-history":[{"count":0,"href":"https:\/\/githa.koyil.org\/index.php\/wp-json\/wp\/v2\/pages\/14\/revisions"}],"wp:attachment":[{"href":"https:\/\/githa.koyil.org\/index.php\/wp-json\/wp\/v2\/media?parent=14"}],"curies":[{"name":"wp","href":"https:\/\/api.w.org\/{rel}","templated":true}]}}